{"id":1414,"date":"2022-12-23T23:32:47","date_gmt":"2022-12-23T22:32:47","guid":{"rendered":"https:\/\/www.annelisegadoury.com\/studio\/?page_id=1414"},"modified":"2023-11-21T21:50:22","modified_gmt":"2023-11-21T20:50:22","slug":"enseignement","status":"publish","type":"page","link":"https:\/\/www.annelisegadoury.com\/studio\/enseignement\/","title":{"rendered":"\/ Enseignement"},"content":{"rendered":"\n<h2 class=\"wp-block-heading\">Hiver 2024<\/h2>\n\n\n\n<p><strong>Centre des arts visuels de Westmount<\/strong><\/p>\n\n\n\n<p>Les mardis de 18:30 \u00e0 21h30, d\u00e9but le 16 janvier \/ Tuesdays 6:30-9:30, starts January 16th<\/p>\n\n\n\n<p>\u27a1\ufe0f Aquarelle: un regard attentif \/ Watercolour: Ways of Seeing<\/p>\n\n\n\n<p>Dans ce cours, nous aborderons des \u201cmani\u00e8res de regarder\u201d, ces m\u00e9thodes qui ont fait leurs preuves aupr\u00e8s des artistes au fil du temps: comment choisir un bon sujet, prendre le temps de bien le conna\u00eetre, et \u00e9voluer vers ses d\u00e9tails. Avec ces outils, une connexion entre l&rsquo;\u0153il, le pinceau et la peinture prend place, jusqu\u2019\u00e0 ce que le travail commence \u00e0 \u00eatre visuellement satisfaisant. Une gamme de sujets de la vie quotidienne sera sugg\u00e9r\u00e9e. Pr\u00e9alable: une session d\u2019aquarelle.<\/p>\n\n\n\n<p><\/p>\n\n\n\n<p>This course will introduce some tried and true artists\u2019 ways of looking: how to choose a great subject, take the time to understand it thoroughly, and progress from the general to the specifics. With these tools, a connection between the eye, brush and paint takes place until your work begins to feel visually satisfying. A range of everyday life subjects will be suggested. Prerequisite: one session of watercolour.<\/p>\n\n\n\n<p>\ud83d\udc49 Pour s&rsquo;inscrire: <a href=\"https:\/\/www.visualartscentre.ca\/register\/?action=course_detail&amp;course_id=7467\">https:\/\/www.visualartscentre.ca\/register\/?action=course_detail&amp;course_id=7467<\/a><\/p>\n\n\n\n<p><strong>Centre Jean-Claude Mal\u00e9part (m\u00e9tro Frontenac)<\/strong><\/p>\n\n\n\n<p>\u27a1\ufe0f Aquarelle pour d\u00e9butants et interm\u00e9diaires, les lundis de 18h-20h30<\/p>\n\n\n\n<p>\ud83d\udc49 Lien pour s&rsquo;inscrire: <a href=\"https:\/\/app.amilia.com\/store\/fr\/centre-jean-claude-malepart\/shop\/activities\/4782040\">https:\/\/app.amilia.com\/store\/fr\/centre-jean-claude-malepart\/shop\/activities\/4782040<\/a><\/p>\n\n\n\n<p>\u27a1\ufe0f Aquarelle pour d\u00e9butants et interm\u00e9diaires, les mercredis de 13:30 \u00e0 16h<\/p>\n\n\n\n<p>\ud83d\udc49 Lien pour s&rsquo;inscrire: <a href=\"https:\/\/app.amilia.com\/store\/fr\/centre-jean-claude-malepart\/shop\/activities\/4782039\">https:\/\/app.amilia.com\/store\/fr\/centre-jean-claude-malepart\/shop\/activities\/4782039<\/a><\/p>\n\n\n\n<p>\u27a1\ufe0f Collages cr\u00e9atifs, les lundis de 13h30-16h<\/p>\n\n\n\n<p>\ud83d\udc49 Lien pour s&rsquo;inscrire: <a href=\"https:\/\/app.amilia.com\/store\/fr\/centre-jean-claude-malepart\/shop\/activities\/4782036\">https:\/\/app.amilia.com\/store\/fr\/centre-jean-claude-malepart\/shop\/activities\/4782036<\/a><\/p>\n\n\n\n<p>&#8212;&#8212;&#8212;&#8212;&#8212;&#8212;&#8212;&#8212;&#8212;&#8212;&#8212;&#8212;&#8212;&#8212;&#8212;&#8212;&#8212;&#8212;&#8212;&#8212;&#8212;-<\/p>\n\n\n\n<h2 class=\"wp-block-heading\">Hiver 2023<\/h2>\n\n\n\n<figure class=\"wp-block-image size-large is-resized\"><img loading=\"lazy\" decoding=\"async\" width=\"1024\" height=\"736\" src=\"https:\/\/www.annelisegadoury.com\/studio\/wp-content\/uploads\/2022\/12\/chouette_annelisegadoury-1024x736.jpeg\" alt=\"\" class=\"wp-image-1415\" style=\"width:487px;height:350px\" srcset=\"https:\/\/www.annelisegadoury.com\/studio\/wp-content\/uploads\/2022\/12\/chouette_annelisegadoury-1024x736.jpeg 1024w, https:\/\/www.annelisegadoury.com\/studio\/wp-content\/uploads\/2022\/12\/chouette_annelisegadoury-300x215.jpeg 300w, https:\/\/www.annelisegadoury.com\/studio\/wp-content\/uploads\/2022\/12\/chouette_annelisegadoury-768x552.jpeg 768w, https:\/\/www.annelisegadoury.com\/studio\/wp-content\/uploads\/2022\/12\/chouette_annelisegadoury-1536x1103.jpeg 1536w, https:\/\/www.annelisegadoury.com\/studio\/wp-content\/uploads\/2022\/12\/chouette_annelisegadoury-720x517.jpeg 720w, https:\/\/www.annelisegadoury.com\/studio\/wp-content\/uploads\/2022\/12\/chouette_annelisegadoury.jpeg 2048w\" sizes=\"auto, (max-width: 1024px) 100vw, 1024px\" \/><figcaption class=\"wp-element-caption\">Une chouette, aquarelle 9&Prime; x 12&Prime;, 2022H<\/figcaption><\/figure>\n\n\n\n<p><\/p>\n\n\n\n<p><\/p>\n\n\n\n<h4 class=\"wp-block-heading\">Cours d&rsquo;aquarelle: \u00ab\u00a0Les animaux de la for\u00eat\u00a0\u00bb<\/h4>\n\n\n\n<p class=\"has-small-font-size\">au <strong>Centre des arts visuels de Westmount<\/strong>, d\u00e9but le 18 janvier 2023<\/p>\n\n\n\n<p class=\"has-medium-font-size\"><a rel=\"noreferrer noopener\" href=\"https:\/\/www.visualartscentre.ca\/fr\/register\/?action=course_detail&amp;course_id=6991\" target=\"_blank\">Lien pour s&rsquo;inscrire<\/a><\/p>\n\n\n\n<hr class=\"wp-block-separator has-alpha-channel-opacity\"\/>\n\n\n\n<p><\/p>\n\n\n\n<h4 class=\"wp-block-heading\">Cours d&rsquo;aquarelle d\u00e9butant-interm\u00e9diaire<\/h4>\n\n\n\n<p class=\"has-small-font-size\">au <strong>Centre Jean-Claude Mal\u00e9part<\/strong>, d\u00e9but le 16 janvier 2023 (COMPLET)<\/p>\n\n\n\n<hr class=\"wp-block-separator has-alpha-channel-opacity\"\/>\n\n\n\n<h4 class=\"wp-block-heading\">Cours d&rsquo;aquarelle d\u00e9butant-interm\u00e9diaire<\/h4>\n\n\n\n<p><\/p>\n\n\n\n<p class=\"has-small-font-size\">\u00e0 la maison Hamilton de <strong>Rosem\u00e8re<\/strong>, d\u00e9but le 10 janvier 2023 (COMPLET)<\/p>\n\n\n\n<hr class=\"wp-block-separator has-alpha-channel-opacity\"\/>\n\n\n\n<h4 class=\"wp-block-heading\">Cours d&rsquo;aquarelle avanc\u00e9<\/h4>\n\n\n\n<p class=\"has-small-font-size\">\u00e0 la maison Hamilton de <strong>Rosem\u00e8re<\/strong>, d\u00e9but le 12 janvier 2023<\/p>\n\n\n\n<p class=\"has-medium-font-size\"><a href=\"https:\/\/loisirs.ville.rosemere.qc.ca\/IC3.prod\/#\/U5200\/search\/?searchParam=%7B%22filter%22:%7B%22isCollapsed%22:false,%22value%22:%7B%22sessionId%22:133%7D%7D,%22sortable%22:%7B%22isOrderAsc%22:true,%22column%22:%22description%22%7D%7D&amp;navigationElementId=53&amp;bids=\">Lien pour s&rsquo;inscrire<\/a><\/p>\n","protected":false},"excerpt":{"rendered":"<p>Hiver 2024 Centre des arts visuels de Westmount Les mardis de 18:30 \u00e0 21h30, d\u00e9but le 16 janvier \/ Tuesdays 6:30-9:30, starts January 16th \u27a1\ufe0f Aquarelle: un regard attentif \/ Watercolour: Ways of Seeing Dans ce cours, nous aborderons des \u201cmani\u00e8res de regarder\u201d, ces m\u00e9thodes qui ont fait leurs preuves aupr\u00e8s des artistes au fil&hellip;<\/p>\n","protected":false},"author":1,"featured_media":0,"parent":0,"menu_order":0,"comment_status":"closed","ping_status":"closed","template":"","meta":{"footnotes":""},"class_list":["post-1414","page","type-page","status-publish","hentry"],"_links":{"self":[{"href":"https:\/\/www.annelisegadoury.com\/studio\/wp-json\/wp\/v2\/pages\/1414","targetHints":{"allow":["GET"]}}],"collection":[{"href":"https:\/\/www.annelisegadoury.com\/studio\/wp-json\/wp\/v2\/pages"}],"about":[{"href":"https:\/\/www.annelisegadoury.com\/studio\/wp-json\/wp\/v2\/types\/page"}],"author":[{"embeddable":true,"href":"https:\/\/www.annelisegadoury.com\/studio\/wp-json\/wp\/v2\/users\/1"}],"replies":[{"embeddable":true,"href":"https:\/\/www.annelisegadoury.com\/studio\/wp-json\/wp\/v2\/comments?post=1414"}],"version-history":[{"count":10,"href":"https:\/\/www.annelisegadoury.com\/studio\/wp-json\/wp\/v2\/pages\/1414\/revisions"}],"predecessor-version":[{"id":1479,"href":"https:\/\/www.annelisegadoury.com\/studio\/wp-json\/wp\/v2\/pages\/1414\/revisions\/1479"}],"wp:attachment":[{"href":"https:\/\/www.annelisegadoury.com\/studio\/wp-json\/wp\/v2\/media?parent=1414"}],"curies":[{"name":"wp","href":"https:\/\/api.w.org\/{rel}","templated":true}]}}